{"id":794,"date":"2025-10-23T09:13:23","date_gmt":"2025-10-23T09:13:23","guid":{"rendered":"https:\/\/konsgym.nedigoit.de\/?page_id=794"},"modified":"2025-10-24T07:56:23","modified_gmt":"2025-10-24T07:56:23","slug":"impressum","status":"publish","type":"page","link":"https:\/\/konsgym.de\/index.php\/impressum\/","title":{"rendered":"Impressum"},"content":{"rendered":"\n<div style=\"height:100px\" aria-hidden=\"true\" class=\"wp-block-spacer\"><\/div>\n\n\n\n<div class=\"wp-block-uagb-advanced-heading uagb-block-5ebd11f0\"><h2 class=\"uagb-heading-text\"><strong>Impressum<\/strong><\/h2><\/div>\n\n\n\n<p class=\"has-white-color has-text-color has-link-color wp-elements-c6b53f61552a76b0e59e0f44e6714da5\">KONS GYM UG<br>An der Drehbank 8<br>58285 Gevelsberg<\/p>\n\n\n\n<p class=\"has-white-color has-text-color has-link-color wp-elements-7568ccda0dce99825cd2e01ce0bfc457\"><strong>KONTAKT:<\/strong><\/p>\n\n\n\n<p class=\"has-white-color has-text-color has-link-color wp-elements-616592d6044d5182924274f1b599e8a5\">Telefon: +49 (0)176 61113690<br>E-Mail: info@konsgym.de<\/p>\n\n\n\n<p class=\"has-white-color has-text-color has-link-color wp-elements-87e47d4fef73fb7e373a06432a314ed8\"><strong>REGISTEREINTRAG:<\/strong><\/p>\n\n\n\n<p class=\"has-white-color has-text-color has-link-color wp-elements-f1894c9f556d0a7928c991c437fdf02b\">Eintragung im Handelsregister.<br>Registergericht: &nbsp;Hagen<br><br><\/p>\n\n\n\n<p class=\"has-white-color has-text-color has-link-color wp-elements-4ebb8919e0aaece5106e82bc381ff638\"><strong>HAFTUNG F\u00dcR INHALTE<\/strong><\/p>\n\n\n\n<p class=\"has-white-color has-text-color has-link-color wp-elements-d651981cb983b6108e0e59c48ffa9fb5\">Als Diensteanbieter sind wir gem\u00e4\u00df \u00a7 7 Abs.1 TMG f\u00fcr eigene Inhalte auf diesen Seiten nach den allgemeinen Gesetzen verantwortlich. Nach \u00a7\u00a7 8 bis 10 TMG sind wir als Diensteanbieter jedoch nicht verpflichtet, \u00fcbermittelte oder gespeicherte fremde Informationen zu \u00fcberwachen oder nach Umst\u00e4nden zu forschen, die auf eine rechtswidrige T\u00e4tigkeit hinweisen.<\/p>\n\n\n\n<p class=\"has-white-color has-text-color has-link-color wp-elements-c97e9d3e3f973a2217dc4bcb21a1c4cc\">Verpflichtungen zur Entfernung oder Sperrung der Nutzung von Informationen nach den allgemeinen Gesetzen bleiben hiervon unber\u00fchrt. Eine diesbez\u00fcgliche Haftung ist jedoch erst ab dem Zeitpunkt der Kenntnis einer konkreten Rechtsverletzung m\u00f6glich. Bei Bekanntwerden von entsprechenden Rechtsverletzungen werden wir diese Inhalte umgehend entfernen.<\/p>\n\n\n\n<p class=\"has-white-color has-text-color has-link-color wp-elements-d01f61bfad349425372c54ad7eac09d9\"><strong>HAFTUNG F\u00dcR LINKS<\/strong><\/p>\n\n\n\n<p class=\"has-white-color has-text-color has-link-color wp-elements-586476a9c18bdb7bd8b83b08a8f1df3d\">Unser Angebot enth\u00e4lt Links zu externen Websites Dritter, auf deren Inhalte wir keinen Einfluss haben. Deshalb k\u00f6nnen wir f\u00fcr diese fremden Inhalte auch keine Gew\u00e4hr \u00fcbernehmen. F\u00fcr die Inhalte der verlinkten Seiten ist stets der jeweilige Anbieter oder Betreiber der Seiten verantwortlich. Die verlinkten Seiten wurden zum Zeitpunkt der Verlinkung auf m\u00f6gliche Rechtsverst\u00f6\u00dfe \u00fcberpr\u00fcft. Rechtswidrige Inhalte waren zum Zeitpunkt der Verlinkung nicht erkennbar.<\/p>\n\n\n\n<p class=\"has-white-color has-text-color has-link-color wp-elements-2dec64c3d333bdd4ac6317ffcd4a5cc5\">Eine permanente inhaltliche Kontrolle der verlinkten Seiten ist jedoch ohne konkrete Anhaltspunkte einer Rechtsverletzung nicht zumutbar. Bei Bekanntwerden von Rechtsverletzungen werden wir derartige Links umgehend entfernen.<\/p>\n\n\n\n<p class=\"has-white-color has-text-color has-link-color wp-elements-ae50f5267ee96d2ab9a223a4069f3def\"><strong>URHEBERRECHT<\/strong><\/p>\n\n\n\n<p class=\"has-white-color has-text-color has-link-color wp-elements-311c8ef4c6c3946ad140cafe4c03026f\">Die durch die Seitenbetreiber erstellten Inhalte und Werke auf diesen Seiten unterliegen dem deutschen Urheberrecht. Die Vervielf\u00e4ltigung, Bearbeitung, Verbreitung und jede Art der Verwertung au\u00dferhalb der Grenzen des Urheberrechtes bed\u00fcrfen der schriftlichen Zustimmung des jeweiligen Autors bzw. Erstellers. Downloads und Kopien dieser Seite sind nur f\u00fcr den privaten, nicht kommerziellen Gebrauch gestattet.<\/p>\n\n\n\n<p><\/p>\n","protected":false},"excerpt":{"rendered":"<p>Impressum KONS GYM UGAn der Drehbank 858285 Gevelsberg KONTAKT: Telefon: +49 (0)176 61113690E-Mail: info@konsgym.de REGISTEREINTRAG: Eintragung im Handelsregister.Registergericht: &nbsp;Hagen HAFTUNG F\u00dcR INHALTE Als Diensteanbieter sind wir gem\u00e4\u00df \u00a7 7 Abs.1 TMG f\u00fcr eigene Inhalte auf diesen Seiten nach den allgemeinen<a class=\"more-link\" href=\"https:\/\/konsgym.de\/index.php\/impressum\/\" title=\"Impressum\"><span>Read more<\/span><\/a><\/p>\n","protected":false},"author":1,"featured_media":0,"parent":0,"menu_order":0,"comment_status":"closed","ping_status":"closed","template":"","meta":{"_uag_custom_page_level_css":"","pgc_sgb_lightbox_settings":"","footnotes":""},"class_list":["post-794","page","type-page","status-publish","hentry"],"uagb_featured_image_src":{"full":false,"thumbnail":false,"medium":false,"medium_large":false,"large":false,"1536x1536":false,"2048x2048":false,"ample-featured-blog-large":false,"ample-featured-blog-small":false,"ample-portfolio-image":false,"ample-service-image":false,"awb_sm":false,"awb_md":false,"awb_lg":false,"awb_xl":false},"uagb_author_info":{"display_name":"admin","author_link":"https:\/\/konsgym.de\/index.php\/author\/pl_wqn8tytp\/"},"uagb_comment_info":0,"uagb_excerpt":"Impressum KONS GYM UGAn der Drehbank 858285 Gevelsberg KONTAKT: Telefon: +49 (0)176 61113690E-Mail: info@konsgym.de REGISTEREINTRAG: Eintragung im Handelsregister.Registergericht: &nbsp;Hagen HAFTUNG F\u00dcR INHALTE Als Diensteanbieter sind wir gem\u00e4\u00df \u00a7 7 Abs.1 TMG f\u00fcr eigene Inhalte auf diesen Seiten nach den allgemeinenRead more","_links":{"self":[{"href":"https:\/\/konsgym.de\/index.php\/wp-json\/wp\/v2\/pages\/794","targetHints":{"allow":["GET"]}}],"collection":[{"href":"https:\/\/konsgym.de\/index.php\/wp-json\/wp\/v2\/pages"}],"about":[{"href":"https:\/\/konsgym.de\/index.php\/wp-json\/wp\/v2\/types\/page"}],"author":[{"embeddable":true,"href":"https:\/\/konsgym.de\/index.php\/wp-json\/wp\/v2\/users\/1"}],"replies":[{"embeddable":true,"href":"https:\/\/konsgym.de\/index.php\/wp-json\/wp\/v2\/comments?post=794"}],"version-history":[{"count":2,"href":"https:\/\/konsgym.de\/index.php\/wp-json\/wp\/v2\/pages\/794\/revisions"}],"predecessor-version":[{"id":810,"href":"https:\/\/konsgym.de\/index.php\/wp-json\/wp\/v2\/pages\/794\/revisions\/810"}],"wp:attachment":[{"href":"https:\/\/konsgym.de\/index.php\/wp-json\/wp\/v2\/media?parent=794"}],"curies":[{"name":"wp","href":"https:\/\/api.w.org\/{rel}","templated":true}]}}